{"id":8105,"date":"2026-03-16T11:49:43","date_gmt":"2026-03-16T10:49:43","guid":{"rendered":"https:\/\/www.prenova76.it\/catalogo-prodotti\/unkategorisiert\/trockenmauern-zur-boeschungssicherung\/"},"modified":"2026-03-16T16:11:08","modified_gmt":"2026-03-16T15:11:08","slug":"trockenmauern-zur-boeschungssicherung","status":"publish","type":"product","link":"https:\/\/www.prenova76.it\/de\/catalogo-prodotti\/unkategorisiert\/trockenmauern-zur-boeschungssicherung\/","title":{"rendered":"Trockenmauern zur B\u00f6schungssicherung"},"content":{"rendered":"<p>Manufatti f\u00fcr la realizzazione di muri a secco f\u00fcr contenimento scarpate.<\/p>\n<table border=\"0\" style=\"text-align: left; border-width: 0px; border-color: #000000;\">\n<tbody>\n<tr>\n<td style=\"background-color: #7fffd4; border: #000000 1px solid;\" valign=\"middle\">FOTO<\/td>\n<td style=\"background-color: #7fffd4; border: #000000 1px solid;\" valign=\"middle\">TYPLOGIA<\/td>\n<td style=\"background-color: #7fffd4; border: #000000 1px solid;\" valign=\"middle\">PZ\/MQ<\/td>\n<td style=\"background-color: #7fffd4; border: #000000 1px solid;\" valign=\"middle\">GEWICHT\/KG<\/td>\n<\/tr>\n<tr>\n<td style=\"border: #000000 1px solid;\" valign=\"middle\">\u00a0<img decoding=\"async\" border=\"0\" src=\"https:\/\/www.prenova76.it\/wp-content\/uploads\/content\/ab classic.jpg\" width=\"80\"\/><\/td>\n<td style=\"border: #000000 1px solid;\" valign=\"middle\">AB CLASSIC<\/td>\n<td style=\"text-align: center; border: #000000 1px solid;\" valign=\"middle\">11<\/td>\n<td style=\"text-align: center; border: #000000 1px solid;\" valign=\"middle\">41<\/td>\n<\/tr>\n<tr>\n<td style=\"border: #000000 1px solid;\" valign=\"middle\">\u00a0<img decoding=\"async\" border=\"0\" src=\"https:\/\/www.prenova76.it\/wp-content\/uploads\/content\/ab junior.jpg\" width=\"80\"\/><\/td>\n<td style=\"border: #000000 1px solid;\" valign=\"middle\">AB JUNIOR<\/td>\n<td style=\"text-align: center; border: #000000 1px solid;\" valign=\"middle\">22<\/td>\n<td style=\"text-align: center; border: #000000 1px solid;\" valign=\"middle\">20<\/td>\n<\/tr>\n<tr>\n<td style=\"border: #000000 1px solid;\" valign=\"middle\">\u00a0<img decoding=\"async\" border=\"0\" src=\"https:\/\/www.prenova76.it\/wp-content\/uploads\/content\/florwand.jpg\" width=\"80\"\/><\/td>\n<td style=\"border: #000000 1px solid;\" valign=\"middle\">FLORWAND<\/td>\n<td style=\"text-align: center; border: #000000 1px solid;\" valign=\"middle\">22\/18<\/td>\n<td style=\"text-align: center; border: #000000 1px solid;\" valign=\"middle\">35<\/td>\n<\/tr>\n<tr>\n<td style=\"border: #000000 1px solid;\" valign=\"middle\">\u00a0<img decoding=\"async\" border=\"0\" src=\"https:\/\/www.prenova76.it\/wp-content\/uploads\/content\/murflor.jpg\" width=\"80\"\/><\/td>\n<td style=\"border: #000000 1px solid;\" valign=\"middle\">MURFLOR<\/td>\n<td style=\"text-align: center; border: #000000 1px solid;\" valign=\"middle\">31\/26<\/td>\n<td style=\"text-align: center; border: #000000 1px solid;\" valign=\"middle\">17,5<\/td>\n<\/tr>\n<tr>\n<td style=\"border: #000000 1px solid;\" valign=\"middle\">\u00a0<img decoding=\"async\" border=\"0\" src=\"https:\/\/www.prenova76.it\/wp-content\/uploads\/content\/primula.jpg\" width=\"80\"\/><\/td>\n<td style=\"border: #000000 1px solid;\" valign=\"middle\">PRIMULA<\/td>\n<td style=\"text-align: center; border: #000000 1px solid;\" valign=\"middle\">15\/20<\/td>\n<td style=\"text-align: center; border: #000000 1px solid;\" valign=\"middle\">17<\/td>\n<\/tr>\n<\/tbody>\n<\/table>\n<p>Esempio di muro a secco realizzato mit manufatto &#8222;Primula&#8220;<\/p>\n<p><img decoding=\"async\" border=\"0\" src=\"https:\/\/www.prenova76.it\/wp-content\/uploads\/content\/muro primula.jpg\" width=\"300\"\/><\/p>\n","protected":false},"excerpt":{"rendered":"<p>Trockenmauern zur B\u00f6schungssicherung<\/p>\n[download id=\"5168\"]\n[download id=\"5174\"]\n[download id=\"5177\"]\n","protected":false},"featured_media":7486,"template":"","meta":[],"product_brand":[],"product_cat":[242],"product_tag":[],"class_list":{"0":"post-8105","1":"product","2":"type-product","3":"status-publish","4":"has-post-thumbnail","6":"product_cat-unkategorisiert","7":"description-off","9":"first","10":"instock","11":"purchasable","12":"product-type-simple"},"_links":{"self":[{"href":"https:\/\/www.prenova76.it\/de\/wp-json\/wp\/v2\/product\/8105","targetHints":{"allow":["GET"]}}],"collection":[{"href":"https:\/\/www.prenova76.it\/de\/wp-json\/wp\/v2\/product"}],"about":[{"href":"https:\/\/www.prenova76.it\/de\/wp-json\/wp\/v2\/types\/product"}],"version-history":[{"count":1,"href":"https:\/\/www.prenova76.it\/de\/wp-json\/wp\/v2\/product\/8105\/revisions"}],"predecessor-version":[{"id":8106,"href":"https:\/\/www.prenova76.it\/de\/wp-json\/wp\/v2\/product\/8105\/revisions\/8106"}],"wp:featuredmedia":[{"embeddable":true,"href":"https:\/\/www.prenova76.it\/de\/wp-json\/wp\/v2\/media\/7486"}],"wp:attachment":[{"href":"https:\/\/www.prenova76.it\/de\/wp-json\/wp\/v2\/media?parent=8105"}],"wp:term":[{"taxonomy":"product_brand","embeddable":true,"href":"https:\/\/www.prenova76.it\/de\/wp-json\/wp\/v2\/product_brand?post=8105"},{"taxonomy":"product_cat","embeddable":true,"href":"https:\/\/www.prenova76.it\/de\/wp-json\/wp\/v2\/product_cat?post=8105"},{"taxonomy":"product_tag","embeddable":true,"href":"https:\/\/www.prenova76.it\/de\/wp-json\/wp\/v2\/product_tag?post=8105"}],"curies":[{"name":"wp","href":"https:\/\/api.w.org\/{rel}","templated":true}]}}