{"id":8127,"date":"2026-03-16T11:49:48","date_gmt":"2026-03-16T10:49:48","guid":{"rendered":"https:\/\/www.prenova76.it\/catalogo-prodotti\/unkategorisiert\/gaszaehlerkasten-50x70x30\/"},"modified":"2026-03-16T16:11:13","modified_gmt":"2026-03-16T15:11:13","slug":"gaszaehlerkasten-50x70x30","status":"publish","type":"product","link":"https:\/\/www.prenova76.it\/de\/catalogo-prodotti\/zahlerkasten\/gaszaehlerkasten-50x70x30\/","title":{"rendered":"Gasz\u00e4hlerkasten 50x70x30"},"content":{"rendered":"<p>Gasz\u00e4hlerkasten.\u00a0Verf\u00fcgbare Formate und Eigenschaften siehe PDF.<\/p>\n<p>Das technische Datenblatt und die Normen sind im Download-Bereich verf\u00fcgbar (nur f\u00fcr registrierte Benutzer).<\/p>\n<table border=\"0\">\n<tbody>\n<tr>\n<td style=\"background-color: #7fffd4; border: #000000 1px solid;\" valign=\"top\">CODE<\/td>\n<td style=\"background-color: #7fffd4; border: #000000 1px solid;\" valign=\"top\">TYP<\/td>\n<td style=\"background-color: #7fffd4; border: #000000 1px solid;\" valign=\"top\">GEWICHT<\/p>\n<p style=\"text-align: center;\">kg<\/p>\n<\/td>\n<\/tr>\n<tr>\n<td style=\"border: #000000 1px solid;\" valign=\"top\">PCG120<\/td>\n<td style=\"border: #000000 1px solid;\" valign=\"top\">Z\u00c4HLERKASTEN GAS 50x70x30<\/td>\n<td style=\"text-align: center; border: #000000 1px solid;\" valign=\"top\">160<\/td>\n<\/tr>\n<tr>\n<td style=\"border: #000000 1px solid;\" valign=\"top\">PCG123<\/td>\n<td style=\"border: #000000 1px solid;\" valign=\"top\">T\u00fcr VERZINKTE f\u00fcr Z\u00c4HLERKASTEN GAS 50X70<\/td>\n<td style=\"text-align: center; border: #000000 1px solid;\" valign=\"top\">&#8211;<\/td>\n<\/tr>\n<\/tbody>\n<\/table>\n","protected":false},"excerpt":{"rendered":"<p>Gasz\u00e4hlerkasten<\/p>\n[download id=\"5180\"]\n","protected":false},"featured_media":8126,"template":"","meta":[],"product_brand":[],"product_cat":[271],"product_tag":[],"class_list":{"0":"post-8127","1":"product","2":"type-product","3":"status-publish","4":"has-post-thumbnail","6":"product_cat-zahlerkasten","7":"description-off","9":"first","10":"instock","11":"purchasable","12":"product-type-simple"},"_links":{"self":[{"href":"https:\/\/www.prenova76.it\/de\/wp-json\/wp\/v2\/product\/8127","targetHints":{"allow":["GET"]}}],"collection":[{"href":"https:\/\/www.prenova76.it\/de\/wp-json\/wp\/v2\/product"}],"about":[{"href":"https:\/\/www.prenova76.it\/de\/wp-json\/wp\/v2\/types\/product"}],"version-history":[{"count":1,"href":"https:\/\/www.prenova76.it\/de\/wp-json\/wp\/v2\/product\/8127\/revisions"}],"predecessor-version":[{"id":8128,"href":"https:\/\/www.prenova76.it\/de\/wp-json\/wp\/v2\/product\/8127\/revisions\/8128"}],"wp:featuredmedia":[{"embeddable":true,"href":"https:\/\/www.prenova76.it\/de\/wp-json\/wp\/v2\/media\/8126"}],"wp:attachment":[{"href":"https:\/\/www.prenova76.it\/de\/wp-json\/wp\/v2\/media?parent=8127"}],"wp:term":[{"taxonomy":"product_brand","embeddable":true,"href":"https:\/\/www.prenova76.it\/de\/wp-json\/wp\/v2\/product_brand?post=8127"},{"taxonomy":"product_cat","embeddable":true,"href":"https:\/\/www.prenova76.it\/de\/wp-json\/wp\/v2\/product_cat?post=8127"},{"taxonomy":"product_tag","embeddable":true,"href":"https:\/\/www.prenova76.it\/de\/wp-json\/wp\/v2\/product_tag?post=8127"}],"curies":[{"name":"wp","href":"https:\/\/api.w.org\/{rel}","templated":true}]}}