{"id":8170,"date":"2026-03-16T11:49:52","date_gmt":"2026-03-16T10:49:52","guid":{"rendered":"https:\/\/www.prenova76.it\/catalogo-prodotti\/unkategorisiert\/schaechte-fuer-glasfaser\/"},"modified":"2026-03-16T16:11:22","modified_gmt":"2026-03-16T15:11:22","slug":"schaechte-fuer-glasfaser","status":"publish","type":"product","link":"https:\/\/www.prenova76.it\/de\/catalogo-prodotti\/telekommunikationsschaechte\/schaechte-fuer-glasfaser\/","title":{"rendered":"Sch\u00e4chte f\u00fcr Glasfaser"},"content":{"rendered":"<p>Sch\u00e4chte f\u00fcr Glasfaser in C.A.V.\u00a0Verf\u00fcgbare Formate und Eigenschaften siehe PDF.<\/p>\n<p>Das technische Datenblatt und die Normen sind im Download-Bereich verf\u00fcgbar (nur f\u00fcr registrierte Benutzer).<\/p>\n<table border=\"0\">\n<tbody>\n<tr>\n<td style=\"background-color: #7fffd4; border: #000000 1px solid;\" valign=\"top\">CODE<\/td>\n<td style=\"background-color: #7fffd4; border: #000000 1px solid;\" valign=\"top\">TYP<\/td>\n<td style=\"background-color: #7fffd4; border: #000000 1px solid;\" valign=\"top\">GEWICHT<\/p>\n<p style=\"text-align: center;\">kg<\/p>\n<\/td>\n<\/tr>\n<tr>\n<td style=\"border: #000000 1px solid;\" valign=\"top\">POZ076<\/td>\n<td style=\"border: #000000 1px solid;\" valign=\"top\">BASE 70x90x40<\/td>\n<td style=\"border: #000000 1px solid;\" valign=\"top\">350<\/td>\n<\/tr>\n<tr>\n<td style=\"border: #000000 1px solid;\" valign=\"top\">PRO119<\/td>\n<td style=\"border: #000000 1px solid;\" valign=\"top\">VERL\u00c4NGERUNG 70x90x10<\/td>\n<td style=\"border: #000000 1px solid;\" valign=\"top\">80<\/td>\n<\/tr>\n<tr>\n<td style=\"border: #000000 1px solid;\" valign=\"top\">PRO120<\/td>\n<td style=\"border: #000000 1px solid;\" valign=\"top\">VERL\u00c4NGERUNG 70x90x20<\/td>\n<td style=\"border: #000000 1px solid;\" valign=\"top\">160<\/td>\n<\/tr>\n<tr>\n<td style=\"border: #000000 1px solid;\" valign=\"top\">CHI223<\/td>\n<td style=\"border: #000000 1px solid;\" valign=\"top\">ABDECKUNG 70x90x15<\/td>\n<td style=\"border: #000000 1px solid;\" valign=\"top\">150<\/td>\n<\/tr>\n<tr>\n<td style=\"border: #000000 1px solid;\" valign=\"top\">POZ081<\/td>\n<td style=\"border: #000000 1px solid;\" valign=\"top\">BASE 80x125x40<\/td>\n<td style=\"border: #000000 1px solid;\" valign=\"top\">700<\/td>\n<\/tr>\n<tr>\n<td style=\"border: #000000 1px solid;\" valign=\"top\">PRO142<\/td>\n<td style=\"border: #000000 1px solid;\" valign=\"top\">VERL\u00c4NGERUNG 80x125x10<\/td>\n<td style=\"border: #000000 1px solid;\" valign=\"top\">110<\/td>\n<\/tr>\n<tr>\n<td style=\"border: #000000 1px solid;\" valign=\"top\">PRO143<\/td>\n<td style=\"border: #000000 1px solid;\" valign=\"top\">VERL\u00c4NGERUNG 80x125x20<\/td>\n<td style=\"border: #000000 1px solid;\" valign=\"top\">220<\/td>\n<\/tr>\n<tr>\n<td style=\"border: #000000 1px solid;\" valign=\"top\">CHI224<\/td>\n<td style=\"border: #000000 1px solid;\" valign=\"top\">ABDECKUNG 80x125x15<\/td>\n<td style=\"border: #000000 1px solid;\" valign=\"top\">215<\/td>\n<\/tr>\n<\/tbody>\n<\/table>\n","protected":false},"excerpt":{"rendered":"<p>Sch\u00e4chte f\u00fcr Glasfaser in CAV<\/p>\n[download id=\"4980\"]\n","protected":false},"featured_media":7551,"template":"","meta":[],"product_brand":[],"product_cat":[267],"product_tag":[],"class_list":{"0":"post-8170","1":"product","2":"type-product","3":"status-publish","4":"has-post-thumbnail","6":"product_cat-telekommunikationsschaechte","7":"description-off","9":"first","10":"instock","11":"purchasable","12":"product-type-simple"},"_links":{"self":[{"href":"https:\/\/www.prenova76.it\/de\/wp-json\/wp\/v2\/product\/8170","targetHints":{"allow":["GET"]}}],"collection":[{"href":"https:\/\/www.prenova76.it\/de\/wp-json\/wp\/v2\/product"}],"about":[{"href":"https:\/\/www.prenova76.it\/de\/wp-json\/wp\/v2\/types\/product"}],"version-history":[{"count":1,"href":"https:\/\/www.prenova76.it\/de\/wp-json\/wp\/v2\/product\/8170\/revisions"}],"predecessor-version":[{"id":8171,"href":"https:\/\/www.prenova76.it\/de\/wp-json\/wp\/v2\/product\/8170\/revisions\/8171"}],"wp:featuredmedia":[{"embeddable":true,"href":"https:\/\/www.prenova76.it\/de\/wp-json\/wp\/v2\/media\/7551"}],"wp:attachment":[{"href":"https:\/\/www.prenova76.it\/de\/wp-json\/wp\/v2\/media?parent=8170"}],"wp:term":[{"taxonomy":"product_brand","embeddable":true,"href":"https:\/\/www.prenova76.it\/de\/wp-json\/wp\/v2\/product_brand?post=8170"},{"taxonomy":"product_cat","embeddable":true,"href":"https:\/\/www.prenova76.it\/de\/wp-json\/wp\/v2\/product_cat?post=8170"},{"taxonomy":"product_tag","embeddable":true,"href":"https:\/\/www.prenova76.it\/de\/wp-json\/wp\/v2\/product_tag?post=8170"}],"curies":[{"name":"wp","href":"https:\/\/api.w.org\/{rel}","templated":true}]}}