{"id":8176,"date":"2026-03-16T11:49:52","date_gmt":"2026-03-16T10:49:52","guid":{"rendered":"https:\/\/www.prenova76.it\/catalogo-prodotti\/unkategorisiert\/holzhaeuser-in-hoher-qualitaet\/"},"modified":"2026-03-16T16:11:23","modified_gmt":"2026-03-16T15:11:23","slug":"holzhaeuser-in-hoher-qualitaet","status":"publish","type":"product","link":"https:\/\/www.prenova76.it\/de\/catalogo-prodotti\/unkategorisiert\/holzhaeuser-in-hoher-qualitaet\/","title":{"rendered":"Holzh\u00e4user in hoher Qualit\u00e4t"},"content":{"rendered":"<p>Holzh\u00e4user in hoher Qualit\u00e4t.<\/p>\n<p>Holzh\u00e4user aus lasierter Fichte, Profil 45&#215;150 mm mit doppelter Nut-Feder-Verbindung, Dacheindeckung mit Onduvilla oder Bitumenschindeln.<\/p>\n<p>Hauptmerkmale, die unsere H\u00e4uschen von denen der Konkurrenz unterscheiden:<\/p>\n<p><img decoding=\"async\" border=\"0\" height=\"80\" src=\"https:\/\/www.prenova76.it\/wp-content\/uploads\/content\/St\u00e4rke tavole.jpg\" style=\"border: black 1px solid;\" width=\"62\"\/><\/p>\n<p>Unsere H\u00e4uschen werden aus dicken Brettern (45 mm) gefertigt, nicht aus den \u00fcblichen Nut-und-Feder-Brettern.<\/p>\n<p><img decoding=\"async\" border=\"0\" height=\"80\" src=\"https:\/\/www.prenova76.it\/wp-content\/uploads\/content\/T\u00fcr 2.jpg\" style=\"border: black 1px solid;\" width=\"41\"\/><\/p>\n<p>Die f\u00fcr die Herstellung des H\u00e4uschens verwendeten H\u00f6lzer werden zuvor industriell behandelt.<\/p>\n<p><img decoding=\"async\" border=\"0\" height=\"80\" src=\"https:\/\/www.prenova76.it\/wp-content\/uploads\/content\/Fenster 2.jpg\" style=\"border: black 1px solid;\" width=\"61\"\/><\/p>\n<p>Die Fenster und T\u00fcren sind \u00e4hnlich wie bei Wohnh\u00e4usern (Dreh-Kipp-Fenster mit Doppelverglasung und Dichtung).<\/p>\n<p>Auf Bestellung fertigen wir H\u00e4uschen in jeder gew\u00fcnschten Gr\u00f6\u00dfe oder Ausf\u00fchrung.<\/p>\n<table border=\"0\">\n<thead>\n<tr>\n<td style=\"border-width: 1px; border-style: solid;\" valign=\"top\">CASETTE &#8222;STANDARD&#8220;<\/td>\n<td style=\"border-width: 1px; border-style: solid;\" valign=\"top\">TYP<\/td>\n<td style=\"border-width: 1px; border-style: solid;\" valign=\"top\">PREIS<\/td>\n<\/tr>\n<\/thead>\n<tbody>\n<tr>\n<td style=\"border: #000000 1px solid;\" valign=\"top\">CASETTA 200 X 200 H 245<\/td>\n<td style=\"border: #000000 1px solid;\" valign=\"top\">1 T\u00dcR UND 1 FENSTER<\/td>\n<td style=\"border: #000000 1px solid;\" valign=\"top\"><\/td>\n<\/tr>\n<tr>\n<td style=\"border: #000000 1px solid;\" valign=\"top\">CASETTA 200 X 250 H 245<\/td>\n<td style=\"border: #000000 1px solid;\" valign=\"top\">1 T\u00dcR UND 1 FENSTER<\/td>\n<td style=\"border: #000000 1px solid;\" valign=\"top\"><\/td>\n<\/tr>\n<tr>\n<td style=\"border: #000000 1px solid;\" valign=\"top\">CASETTA 200 X 300 H 245<\/td>\n<td style=\"border: #000000 1px solid;\" valign=\"top\">1 T\u00dcR UND 1 FENSTER<\/td>\n<td style=\"border: #000000 1px solid;\" valign=\"top\"><\/td>\n<\/tr>\n<tr>\n<td style=\"border: #000000 1px solid;\" valign=\"top\">CASETTA 200 X 350 H 245<\/td>\n<td style=\"border: #000000 1px solid;\" valign=\"top\">1 T\u00dcR UND 1 FENSTER<\/td>\n<td style=\"border: #000000 1px solid;\" valign=\"top\"><\/td>\n<\/tr>\n<tr>\n<td style=\"border: #000000 1px solid;\" valign=\"top\">CASETTA 250 X 250 H 245<\/td>\n<td style=\"border: #000000 1px solid;\" valign=\"top\">1 T\u00dcR UND 1 FENSTER<\/td>\n<td style=\"border: #000000 1px solid;\" valign=\"top\"><\/td>\n<\/tr>\n<tr>\n<td style=\"border: #000000 1px solid;\" valign=\"top\">CASETTA 250 X 300 H 245<\/td>\n<td style=\"border: #000000 1px solid;\" valign=\"top\">1 T\u00dcR UND 1 FENSTER<\/td>\n<td style=\"border: #000000 1px solid;\" valign=\"top\"><\/td>\n<\/tr>\n<tr>\n<td style=\"border: #000000 1px solid;\" valign=\"top\">CASETTA 250 X 350 H 245<\/td>\n<td style=\"border: #000000 1px solid;\" valign=\"top\">1 T\u00dcR UND 1 FENSTER<\/td>\n<td style=\"border: #000000 1px solid;\" valign=\"top\"><\/td>\n<\/tr>\n<tr>\n<td style=\"border: #000000 1px solid;\" valign=\"top\">CASETTA 250 X 400 H 245<\/td>\n<td style=\"border: #000000 1px solid;\" valign=\"top\">1 T\u00dcR UND 1 FENSTER<\/td>\n<td style=\"border: #000000 1px solid;\" valign=\"top\"><\/td>\n<\/tr>\n<tr>\n<td style=\"border: #000000 1px solid;\" valign=\"top\">CASETTA 300 X 300 H 245<\/td>\n<td style=\"border: #000000 1px solid;\" valign=\"top\">1 T\u00dcR UND 1 FENSTER<\/td>\n<td style=\"border: #000000 1px solid;\" valign=\"top\"><\/td>\n<\/tr>\n<tr>\n<td style=\"border: #000000 1px solid;\" valign=\"top\">CASETTA 300 X 350 H 245<\/td>\n<td style=\"border: #000000 1px solid;\" valign=\"top\">1 T\u00dcR UND 1 FENSTER<\/td>\n<td style=\"border: #000000 1px solid;\" valign=\"top\"><\/td>\n<\/tr>\n<tr>\n<td style=\"border: #000000 1px solid;\" valign=\"top\">CASETTA 300 X 400 H 245<\/td>\n<td style=\"border: #000000 1px solid;\" valign=\"top\">1 T\u00dcR UND 1 FENSTER<\/td>\n<td style=\"border: #000000 1px solid;\" valign=\"top\"><\/td>\n<\/tr>\n<tr>\n<td style=\"border: #000000 1px solid;\" valign=\"top\">CASETTA 300 X 450 H 245<\/td>\n<td style=\"border: #000000 1px solid;\" valign=\"top\">1 T\u00dcR UND 1 FENSTER<\/td>\n<td style=\"border: #000000 1px solid;\" valign=\"top\"><\/td>\n<\/tr>\n<tr>\n<td style=\"border: #000000 1px solid;\" valign=\"top\">CASETTA 400 X 400 H 245<\/td>\n<td style=\"border: #000000 1px solid;\" valign=\"top\">1 T\u00dcR UND 1 FENSTER<\/td>\n<td style=\"border: #000000 1px solid;\" valign=\"top\"><\/td>\n<\/tr>\n<tr>\n<td style=\"border: #000000 1px solid;\" valign=\"top\">CASETTA 400 X 450 H 245<\/td>\n<td style=\"border: #000000 1px solid;\" valign=\"top\">1 T\u00dcR UND 1 FENSTER<\/td>\n<td style=\"border: #000000 1px solid;\" valign=\"top\"><\/td>\n<\/tr>\n<tr>\n<td style=\"border: #000000 1px solid;\" valign=\"top\">CASETTA 400 X 500 H 245<\/td>\n<td style=\"border: #000000 1px solid;\" valign=\"top\">1 T\u00dcR UND 1 FENSTER<\/td>\n<td style=\"border: #000000 1px solid;\" valign=\"top\"><\/td>\n<\/tr>\n<tr>\n<td style=\"border: #000000 1px solid;\" valign=\"top\">CASETTA 400 X 400 H 245<\/td>\n<td style=\"border: #000000 1px solid;\" valign=\"top\">1 T\u00dcR UND 1 FENSTER<\/td>\n<td style=\"border: #000000 1px solid;\" valign=\"top\"><\/td>\n<\/tr>\n<tr>\n<td style=\"border: #000000 1px solid;\" valign=\"top\">CASETTA 500 X 500 H 245<\/td>\n<td style=\"border: #000000 1px solid;\" valign=\"top\">1 T\u00dcR UND 1 FENSTER<\/td>\n<td style=\"border: #000000 1px solid;\" valign=\"top\"><\/td>\n<\/tr>\n<\/tbody>\n<\/table>\n","protected":false},"excerpt":{"rendered":"<p>Holzh\u00e4user in hoher Qualit\u00e4t<\/p>\n","protected":false},"featured_media":7557,"template":"","meta":[],"product_brand":[],"product_cat":[242],"product_tag":[],"class_list":{"0":"post-8176","1":"product","2":"type-product","3":"status-publish","4":"has-post-thumbnail","6":"product_cat-unkategorisiert","7":"description-off","9":"first","10":"instock","11":"purchasable","12":"product-type-simple"},"_links":{"self":[{"href":"https:\/\/www.prenova76.it\/de\/wp-json\/wp\/v2\/product\/8176","targetHints":{"allow":["GET"]}}],"collection":[{"href":"https:\/\/www.prenova76.it\/de\/wp-json\/wp\/v2\/product"}],"about":[{"href":"https:\/\/www.prenova76.it\/de\/wp-json\/wp\/v2\/types\/product"}],"version-history":[{"count":1,"href":"https:\/\/www.prenova76.it\/de\/wp-json\/wp\/v2\/product\/8176\/revisions"}],"predecessor-version":[{"id":8177,"href":"https:\/\/www.prenova76.it\/de\/wp-json\/wp\/v2\/product\/8176\/revisions\/8177"}],"wp:featuredmedia":[{"embeddable":true,"href":"https:\/\/www.prenova76.it\/de\/wp-json\/wp\/v2\/media\/7557"}],"wp:attachment":[{"href":"https:\/\/www.prenova76.it\/de\/wp-json\/wp\/v2\/media?parent=8176"}],"wp:term":[{"taxonomy":"product_brand","embeddable":true,"href":"https:\/\/www.prenova76.it\/de\/wp-json\/wp\/v2\/product_brand?post=8176"},{"taxonomy":"product_cat","embeddable":true,"href":"https:\/\/www.prenova76.it\/de\/wp-json\/wp\/v2\/product_cat?post=8176"},{"taxonomy":"product_tag","embeddable":true,"href":"https:\/\/www.prenova76.it\/de\/wp-json\/wp\/v2\/product_tag?post=8176"}],"curies":[{"name":"wp","href":"https:\/\/api.w.org\/{rel}","templated":true}]}}