{"id":8194,"date":"2026-03-16T11:49:59","date_gmt":"2026-03-16T10:49:59","guid":{"rendered":"https:\/\/www.prenova76.it\/catalogo-prodotti\/unkategorisiert\/pvc-rohre-und-fittings\/"},"modified":"2026-03-16T16:11:27","modified_gmt":"2026-03-16T15:11:27","slug":"pvc-rohre-und-fittings","status":"publish","type":"product","link":"https:\/\/www.prenova76.it\/de\/catalogo-prodotti\/unkategorisiert\/pvc-rohre-und-fittings\/","title":{"rendered":"PVC-Rohre und Fittings"},"content":{"rendered":"<p>PVC-Rohre und Fittings.<\/p>\n<p><img decoding=\"async\" border=\"0\" src=\"https:\/\/www.prenova76.it\/wp-content\/uploads\/content\/plastica1.jpg\" style=\"border: black 1px solid;\" width=\"100\"\/><span style=\"font-size: small;\">PVC-Rohre und Fittings in allen Abmessungen sind ab Lager verf\u00fcgbar.<\/span><\/p>\n<p><span style=\"font-size: small;\"><img decoding=\"async\" border=\"0\" src=\"https:\/\/www.prenova76.it\/wp-content\/uploads\/content\/plastica 2.jpg\" style=\"border: black 1px solid;\" width=\"100\"\/>Au\u00dferdem sind doppelwandige Wellrohre in allen Abmessungen verf\u00fcgbar.<\/span><\/p>\n<p><span style=\"font-size: small;\">Alle angebotenen Produkte entsprechen den derzeit geltenden Normen.<\/span><\/p>\n<p><span style=\"font-size: small;\">\u00a0<\/span><\/p>\n","protected":false},"excerpt":{"rendered":"<p>PVC-Rohre und Fittings. PVC-Rohre und Fittings in allen Abmessungen sind ab Lager verf\u00fcgbar. Au\u00dferdem sind doppelwandige Wellrohre in allen Abmessungen verf\u00fcgbar. Alle angebotenen Produkte entsprechen den derzeit geltenden Normen. \u00a0<\/p>\n","protected":false},"featured_media":7575,"template":"","meta":[],"product_brand":[],"product_cat":[242],"product_tag":[],"class_list":{"0":"post-8194","1":"product","2":"type-product","3":"status-publish","4":"has-post-thumbnail","6":"product_cat-unkategorisiert","7":"description-off","9":"first","10":"instock","11":"purchasable","12":"product-type-simple"},"_links":{"self":[{"href":"https:\/\/www.prenova76.it\/de\/wp-json\/wp\/v2\/product\/8194","targetHints":{"allow":["GET"]}}],"collection":[{"href":"https:\/\/www.prenova76.it\/de\/wp-json\/wp\/v2\/product"}],"about":[{"href":"https:\/\/www.prenova76.it\/de\/wp-json\/wp\/v2\/types\/product"}],"version-history":[{"count":1,"href":"https:\/\/www.prenova76.it\/de\/wp-json\/wp\/v2\/product\/8194\/revisions"}],"predecessor-version":[{"id":8195,"href":"https:\/\/www.prenova76.it\/de\/wp-json\/wp\/v2\/product\/8194\/revisions\/8195"}],"wp:featuredmedia":[{"embeddable":true,"href":"https:\/\/www.prenova76.it\/de\/wp-json\/wp\/v2\/media\/7575"}],"wp:attachment":[{"href":"https:\/\/www.prenova76.it\/de\/wp-json\/wp\/v2\/media?parent=8194"}],"wp:term":[{"taxonomy":"product_brand","embeddable":true,"href":"https:\/\/www.prenova76.it\/de\/wp-json\/wp\/v2\/product_brand?post=8194"},{"taxonomy":"product_cat","embeddable":true,"href":"https:\/\/www.prenova76.it\/de\/wp-json\/wp\/v2\/product_cat?post=8194"},{"taxonomy":"product_tag","embeddable":true,"href":"https:\/\/www.prenova76.it\/de\/wp-json\/wp\/v2\/product_tag?post=8194"}],"curies":[{"name":"wp","href":"https:\/\/api.w.org\/{rel}","templated":true}]}}